{"id":6105,"date":"2025-12-17T10:23:34","date_gmt":"2025-12-17T09:23:34","guid":{"rendered":"https:\/\/gasso.com\/?post_type=product&#038;p=6105"},"modified":"2025-12-17T14:18:56","modified_gmt":"2025-12-17T13:18:56","slug":"compensador-metalico","status":"publish","type":"product","link":"https:\/\/gasso.com\/en\/producto\/compensador-metalico\/","title":{"rendered":"COMPENSADOR MET\u00c1LICO"},"content":{"rendered":"<p>Los compensadores met\u00e1licos son componentes flexibles dise\u00f1ados para absorber dilataciones t\u00e9rmicas, vibraciones y desalineaciones en sistemas de tuber\u00edas, reduciendo esfuerzos y garantizando una operaci\u00f3n segura y fiable en aplicaciones industriales.<\/p>\n","protected":false},"excerpt":{"rendered":"<div class=\"flex flex-col text-sm pb-25\">\n<article class=\"text-token-text-primary w-full focus:outline-none [--shadow-height:45px] has-data-writing-block:pointer-events-none has-data-writing-block:-mt-(--shadow-height) has-data-writing-block:pt-(--shadow-height) [&amp;:has([data-writing-block])&gt;*]:pointer-events-auto scroll-mt-[calc(var(--header-height)+min(200px,max(70px,20svh)))]\" dir=\"auto\" tabindex=\"-1\" data-turn-id=\"request-68c7c4c0-cc74-8321-8f05-042d230201e8-6\" data-testid=\"conversation-turn-132\" data-scroll-anchor=\"true\" data-turn=\"assistant\">\n<div class=\"text-base my-auto mx-auto pb-10 [--thread-content-margin:--spacing(4)] @w-sm\/main:[--thread-content-margin:--spacing(6)] @w-lg\/main:[--thread-content-margin:--spacing(16)] px-(--thread-content-margin)\">\n<div class=\"[--thread-content-max-width:40rem] @w-lg\/main:[--thread-content-max-width:48rem] mx-auto max-w-(--thread-content-max-width) flex-1 group\/turn-messages focus-visible:outline-hidden relative flex w-full min-w-0 flex-col agent-turn\" tabindex=\"-1\">\n<div class=\"flex max-w-full flex-col grow\">\n<div class=\"min-h-8 text-message relative flex w-full flex-col items-end gap-2 text-start break-words whitespace-normal [.text-message+&amp;]:mt-1\" dir=\"auto\" data-message-author-role=\"assistant\" data-message-id=\"7b542b69-ccff-44fb-a0c7-2d115eb34542\" data-message-model-slug=\"gpt-5-2\">\n<div class=\"flex w-full flex-col gap-1 empty:hidden first:pt-[1px]\">\n<div class=\"markdown prose dark:prose-invert w-full break-words light markdown-new-styling\">\n<p data-start=\"0\" data-end=\"89\" data-is-last-node=\"\" data-is-only-node=\"\">El compensador met\u00e1lico absorbe dilataciones y vibraciones para una operaci\u00f3n segura.<\/p>\n<\/div>\n<\/div>\n<\/div>\n<\/div>\n<div class=\"z-0 flex min-h-[46px] justify-start\"><\/div>\n<div class=\"mt-3 w-full empty:hidden\">\n<div class=\"text-center\"><\/div>\n<\/div>\n<\/div>\n<\/div>\n<\/article>\n<\/div>\n<div class=\"pointer-events-none h-px w-px absolute bottom-0\" aria-hidden=\"true\" data-edge=\"true\"><\/div>\n","protected":false},"featured_media":6108,"comment_status":"closed","ping_status":"closed","template":"","meta":{"_acf_changed":false,"content-type":"","inline_featured_image":false},"filtro-aplicacion":[],"filtro-sector":[],"product_brand":[],"product_cat":[],"product_tag":[],"class_list":{"0":"post-6105","1":"product","2":"type-product","3":"status-publish","4":"has-post-thumbnail","7":"first","8":"instock","9":"shipping-taxable","10":"product-type-simple"},"acf":[],"_links":{"self":[{"href":"https:\/\/gasso.com\/en\/wp-json\/wp\/v2\/product\/6105","targetHints":{"allow":["GET"]}}],"collection":[{"href":"https:\/\/gasso.com\/en\/wp-json\/wp\/v2\/product"}],"about":[{"href":"https:\/\/gasso.com\/en\/wp-json\/wp\/v2\/types\/product"}],"replies":[{"embeddable":true,"href":"https:\/\/gasso.com\/en\/wp-json\/wp\/v2\/comments?post=6105"}],"wp:featuredmedia":[{"embeddable":true,"href":"https:\/\/gasso.com\/en\/wp-json\/wp\/v2\/media\/6108"}],"wp:attachment":[{"href":"https:\/\/gasso.com\/en\/wp-json\/wp\/v2\/media?parent=6105"}],"wp:term":[{"taxonomy":"filtro-aplicacion","embeddable":true,"href":"https:\/\/gasso.com\/en\/wp-json\/wp\/v2\/filtro-aplicacion?post=6105"},{"taxonomy":"filtro-sector","embeddable":true,"href":"https:\/\/gasso.com\/en\/wp-json\/wp\/v2\/filtro-sector?post=6105"},{"taxonomy":"product_brand","embeddable":true,"href":"https:\/\/gasso.com\/en\/wp-json\/wp\/v2\/product_brand?post=6105"},{"taxonomy":"product_cat","embeddable":true,"href":"https:\/\/gasso.com\/en\/wp-json\/wp\/v2\/product_cat?post=6105"},{"taxonomy":"product_tag","embeddable":true,"href":"https:\/\/gasso.com\/en\/wp-json\/wp\/v2\/product_tag?post=6105"}],"curies":[{"name":"wp","href":"https:\/\/api.w.org\/{rel}","templated":true}]}}